{"id":1014,"date":"2021-05-08T15:55:09","date_gmt":"2021-05-08T13:55:09","guid":{"rendered":"http:\/\/127.0.0.1\/wordpress\/?page_id=1014"},"modified":"2021-06-02T20:20:29","modified_gmt":"2021-06-02T18:20:29","slug":"mycie-elewacji","status":"publish","type":"page","link":"https:\/\/maldach.pl\/?page_id=1014","title":{"rendered":"Mycie elewacji"},"content":{"rendered":"\t\t<div data-elementor-type=\"wp-page\" data-elementor-id=\"1014\" class=\"elementor elementor-1014\" data-elementor-post-type=\"page\">\n\t\t\t\t\t\t<section class=\"elementor-section elementor-top-section elementor-element elementor-element-c0d7c90 elementor-section-full_width elementor-section-height-default elementor-section-height-default\" data-id=\"c0d7c90\" data-element_type=\"section\" data-settings=\"{&quot;background_background&quot;:&quot;classic&quot;}\">\n\t\t\t\t\t\t<div class=\"elementor-container elementor-column-gap-default\">\n\t\t\t\t\t<div class=\"elementor-column elementor-col-100 elementor-top-column elementor-element elementor-element-129f87f\" data-id=\"129f87f\" data-element_type=\"column\" data-settings=\"{&quot;background_background&quot;:&quot;slideshow&quot;,&quot;background_slideshow_gallery&quot;:[{&quot;id&quot;:1018,&quot;url&quot;:&quot;https:\\\/\\\/maldach.pl\\\/wp-content\\\/uploads\\\/2021\\\/05\\\/IMG_0893-kopia.jpg&quot;}],&quot;background_slideshow_loop&quot;:&quot;yes&quot;,&quot;background_slideshow_slide_duration&quot;:5000,&quot;background_slideshow_slide_transition&quot;:&quot;fade&quot;,&quot;background_slideshow_transition_duration&quot;:500}\">\n\t\t\t<div class=\"elementor-widget-wrap elementor-element-populated\">\n\t\t\t\t\t\t\t<\/div>\n\t\t<\/div>\n\t\t\t\t\t<\/div>\n\t\t<\/section>\n\t\t\t\t<section class=\"elementor-section elementor-top-section elementor-element elementor-element-75090a5 elementor-section-full_width elementor-section-height-default elementor-section-height-default\" data-id=\"75090a5\" data-element_type=\"section\">\n\t\t\t\t\t\t<div class=\"elementor-container elementor-column-gap-default\">\n\t\t\t\t\t<div class=\"elementor-column elementor-col-33 elementor-top-column elementor-element elementor-element-10d0dbf\" data-id=\"10d0dbf\" data-element_type=\"column\">\n\t\t\t<div class=\"elementor-widget-wrap\">\n\t\t\t\t\t\t\t<\/div>\n\t\t<\/div>\n\t\t\t\t<div class=\"elementor-column elementor-col-33 elementor-top-column elementor-element elementor-element-9acfe07\" data-id=\"9acfe07\" data-element_type=\"column\">\n\t\t\t<div class=\"elementor-widget-wrap elementor-element-populated\">\n\t\t\t\t\t\t<div class=\"elementor-element elementor-element-e3fcca1 elementor-widget elementor-widget-text-editor\" data-id=\"e3fcca1\" data-element_type=\"widget\" data-widget_type=\"text-editor.default\">\n\t\t\t\t<div class=\"elementor-widget-container\">\n\t\t\t\t\t\t\t\t\t<p align=\"justify\">Oferujemy Pa\u0144stwu czyszczenie i impregnacj\u0119 elewacji. Do tego celu stosujemy specjalistyczn\u0105 chemi\u0119 oraz urz\u0105dzenia wysokoci\u015bnieniowe.<\/p><p>\u00a0<\/p><p><strong>Proponujemy czyszczenie:<\/strong><br \/>\u2013 betonu<br \/>\u2013 ceg\u0142y<br \/>\u2013 klinkieru<br \/>\u2013 kamienia naturalnego (piaskowca, marmuru, granitu i innych)<br \/>\u2013 tynku na ociepleniu (akrylowe, cementowo-wapienne)<br \/>\u2013 sidingu<br \/>\u2013 hal stalowych oraz z blachy trapezowej<\/p><p>\u00a0<\/p><p><strong>Usuwamy wszelkie zabrudzenia<\/strong>\u00a0powsta\u0142e na drodze oddzia\u0142ywania \u015brodowiska naturalnego oraz dzia\u0142alnosci czlowieka takie jak:<\/p><ul><li>grzyby<\/li><li>glony<\/li><li>mchy<\/li><li>zacieki rdzy<\/li><li>osad<\/li><li>kurz<\/li><\/ul>\t\t\t\t\t\t\t\t<\/div>\n\t\t\t\t<\/div>\n\t\t\t\t\t<\/div>\n\t\t<\/div>\n\t\t\t\t<div class=\"elementor-column elementor-col-33 elementor-top-column elementor-element elementor-element-904fa2c\" data-id=\"904fa2c\" data-element_type=\"column\">\n\t\t\t<div class=\"elementor-widget-wrap\">\n\t\t\t\t\t\t\t<\/div>\n\t\t<\/div>\n\t\t\t\t\t<\/div>\n\t\t<\/section>\n\t\t\t\t<\/div>\n\t\t","protected":false},"excerpt":{"rendered":"<p>Oferujemy Pa\u0144stwu czyszczenie i impregnacj\u0119 elewacji. Do tego celu stosujemy specjalistyczn\u0105 chemi\u0119 oraz urz\u0105dzenia wysokoci\u015bnieniowe. \u00a0 Proponujemy czyszczenie:\u2013 betonu\u2013 ceg\u0142y\u2013 klinkieru\u2013 kamienia naturalnego (piaskowca, marmuru, granitu i innych)\u2013 tynku na ociepleniu (akrylowe, cementowo-wapienne)\u2013 sidingu\u2013 hal stalowych oraz z blachy trapezowej \u00a0 Usuwamy wszelkie zabrudzenia\u00a0powsta\u0142e na drodze oddzia\u0142ywania \u015brodowiska naturalnego oraz dzia\u0142alnosci czlowieka takie jak: grzyby &hellip;<\/p>\n<p class=\"read-more\"> <a class=\"\" href=\"https:\/\/maldach.pl\/?page_id=1014\"> <span class=\"screen-reader-text\">Mycie elewacji<\/span> Read More &raquo;<\/a><\/p>\n","protected":false},"author":1,"featured_media":0,"parent":0,"menu_order":0,"comment_status":"closed","ping_status":"closed","template":"","meta":{"om_disable_all_campaigns":false,"_monsterinsights_skip_tracking":false,"_monsterinsights_sitenote_active":false,"_monsterinsights_sitenote_note":"","_monsterinsights_sitenote_category":0,"_uf_show_specific_survey":0,"_uf_disable_surveys":false,"footnotes":""},"class_list":["post-1014","page","type-page","status-publish","hentry"],"aioseo_notices":[],"_links":{"self":[{"href":"https:\/\/maldach.pl\/index.php?rest_route=\/wp\/v2\/pages\/1014","targetHints":{"allow":["GET"]}}],"collection":[{"href":"https:\/\/maldach.pl\/index.php?rest_route=\/wp\/v2\/pages"}],"about":[{"href":"https:\/\/maldach.pl\/index.php?rest_route=\/wp\/v2\/types\/page"}],"author":[{"embeddable":true,"href":"https:\/\/maldach.pl\/index.php?rest_route=\/wp\/v2\/users\/1"}],"replies":[{"embeddable":true,"href":"https:\/\/maldach.pl\/index.php?rest_route=%2Fwp%2Fv2%2Fcomments&post=1014"}],"version-history":[{"count":10,"href":"https:\/\/maldach.pl\/index.php?rest_route=\/wp\/v2\/pages\/1014\/revisions"}],"predecessor-version":[{"id":1808,"href":"https:\/\/maldach.pl\/index.php?rest_route=\/wp\/v2\/pages\/1014\/revisions\/1808"}],"wp:attachment":[{"href":"https:\/\/maldach.pl\/index.php?rest_route=%2Fwp%2Fv2%2Fmedia&parent=1014"}],"curies":[{"name":"wp","href":"https:\/\/api.w.org\/{rel}","templated":true}]}}