{"id":1030,"date":"2021-05-08T16:15:37","date_gmt":"2021-05-08T14:15:37","guid":{"rendered":"http:\/\/127.0.0.1\/wordpress\/?page_id=1030"},"modified":"2021-06-02T20:05:47","modified_gmt":"2021-06-02T18:05:47","slug":"wycinka-i-pielegnacja-drzew","status":"publish","type":"page","link":"https:\/\/maldach.pl\/?page_id=1030","title":{"rendered":"Wycinka i piel\u0119gnacja drzew"},"content":{"rendered":"\t\t<div data-elementor-type=\"wp-page\" data-elementor-id=\"1030\" class=\"elementor elementor-1030\" data-elementor-post-type=\"page\">\n\t\t\t\t\t\t<section class=\"elementor-section elementor-top-section elementor-element elementor-element-c0d7c90 elementor-section-full_width elementor-section-height-default elementor-section-height-default\" data-id=\"c0d7c90\" data-element_type=\"section\" data-settings=\"{&quot;background_background&quot;:&quot;classic&quot;}\">\n\t\t\t\t\t\t<div class=\"elementor-container elementor-column-gap-default\">\n\t\t\t\t\t<div class=\"elementor-column elementor-col-100 elementor-top-column elementor-element elementor-element-129f87f\" data-id=\"129f87f\" data-element_type=\"column\" data-settings=\"{&quot;background_background&quot;:&quot;slideshow&quot;,&quot;background_slideshow_gallery&quot;:[{&quot;id&quot;:1039,&quot;url&quot;:&quot;https:\\\/\\\/maldach.pl\\\/wp-content\\\/uploads\\\/2021\\\/05\\\/IMG_4269-kopia.jpg&quot;}],&quot;background_slideshow_loop&quot;:&quot;yes&quot;,&quot;background_slideshow_slide_duration&quot;:5000,&quot;background_slideshow_slide_transition&quot;:&quot;fade&quot;,&quot;background_slideshow_transition_duration&quot;:500}\">\n\t\t\t<div class=\"elementor-widget-wrap elementor-element-populated\">\n\t\t\t\t\t\t\t<\/div>\n\t\t<\/div>\n\t\t\t\t\t<\/div>\n\t\t<\/section>\n\t\t\t\t<section class=\"elementor-section elementor-top-section elementor-element elementor-element-75090a5 elementor-section-full_width elementor-section-height-default elementor-section-height-default\" data-id=\"75090a5\" data-element_type=\"section\">\n\t\t\t\t\t\t<div class=\"elementor-container elementor-column-gap-default\">\n\t\t\t\t\t<div class=\"elementor-column elementor-col-33 elementor-top-column elementor-element elementor-element-10d0dbf\" data-id=\"10d0dbf\" data-element_type=\"column\">\n\t\t\t<div class=\"elementor-widget-wrap\">\n\t\t\t\t\t\t\t<\/div>\n\t\t<\/div>\n\t\t\t\t<div class=\"elementor-column elementor-col-33 elementor-top-column elementor-element elementor-element-9acfe07\" data-id=\"9acfe07\" data-element_type=\"column\">\n\t\t\t<div class=\"elementor-widget-wrap elementor-element-populated\">\n\t\t\t\t\t\t<div class=\"elementor-element elementor-element-e3fcca1 elementor-widget elementor-widget-text-editor\" data-id=\"e3fcca1\" data-element_type=\"widget\" data-widget_type=\"text-editor.default\">\n\t\t\t\t<div class=\"elementor-widget-container\">\n\t\t\t\t\t\t\t\t\t<p>Oferujemy Pa\u0144stwu przycinanie b\u0105d\u017a wycink\u0119 drzew oraz krzew\u00f3w<\/p><ul><li><p><strong>Prze\u015bwietlanie drzew\u00a0<\/strong>\u2013 s\u0105 to prace prowadzone w koronach drzew, maj\u0105ce na celu przycinanie ga\u0142\u0119zi w celu zwi\u0119kszenia dost\u0119pno\u015bci \u015bwiat\u0142a oraz wycinanie starych, chorych lub po\u0142amanych<\/p><\/li><li><p><strong>Ci\u0119cia piel\u0119gnacyjne<\/strong>\u00a0\u2013 prace maj\u0105ce na celu przywr\u00f3cenie stabilno\u015bci korony drzewa<\/p><\/li><li><p><strong>Ci\u0119cia korekcyjne\u00a0<\/strong>\u2013 przywracanie odpowiedniego wygl\u0105du drzewom lub krzewom<\/p><\/li><li><p><strong>Ci\u0119cia techniczne<\/strong>\u00a0\u2013 prace maj\u0105ce na celu np. udro\u017cnienie tras komunikacyjnych lub zwi\u0119kszeniu dost\u0119pno\u015bci \u015bwiat\u0142a, poprzez odpowiedni\u0105 przycink\u0119 lub wycink\u0119 drzew.<\/p><\/li><li><p><strong>Wycinanka drzew<\/strong>\u00a0\u2013 w miejscach, w kt\u00f3rych drzewostan zagra\u017ca bezpiecze\u0144stwu ludzi lub grozi spowodowaniem gro\u017anych awarii<\/p><\/li><li><p><strong>Wzmacnianie mechaniczne drzew<\/strong>\u00a0(zak\u0142adanie wi\u0105za\u0144 elastycznych)<\/p><\/li><li><p><strong>Zagospodarowanie odpad\u00f3w<\/strong> powsta\u0142ych w trakcie wycinka<\/p><\/li><\/ul>\t\t\t\t\t\t\t\t<\/div>\n\t\t\t\t<\/div>\n\t\t\t\t\t<\/div>\n\t\t<\/div>\n\t\t\t\t<div class=\"elementor-column elementor-col-33 elementor-top-column elementor-element elementor-element-7dc6ca0\" data-id=\"7dc6ca0\" data-element_type=\"column\">\n\t\t\t<div class=\"elementor-widget-wrap\">\n\t\t\t\t\t\t\t<\/div>\n\t\t<\/div>\n\t\t\t\t\t<\/div>\n\t\t<\/section>\n\t\t\t\t<\/div>\n\t\t","protected":false},"excerpt":{"rendered":"<p>Oferujemy Pa\u0144stwu przycinanie b\u0105d\u017a wycink\u0119 drzew oraz krzew\u00f3w Prze\u015bwietlanie drzew\u00a0\u2013 s\u0105 to prace prowadzone w koronach drzew, maj\u0105ce na celu przycinanie ga\u0142\u0119zi w celu zwi\u0119kszenia dost\u0119pno\u015bci \u015bwiat\u0142a oraz wycinanie starych, chorych lub po\u0142amanych Ci\u0119cia piel\u0119gnacyjne\u00a0\u2013 prace maj\u0105ce na celu przywr\u00f3cenie stabilno\u015bci korony drzewa Ci\u0119cia korekcyjne\u00a0\u2013 przywracanie odpowiedniego wygl\u0105du drzewom lub krzewom Ci\u0119cia techniczne\u00a0\u2013 prace maj\u0105ce &hellip;<\/p>\n<p class=\"read-more\"> <a class=\"\" href=\"https:\/\/maldach.pl\/?page_id=1030\"> <span class=\"screen-reader-text\">Wycinka i piel\u0119gnacja drzew<\/span> Read More &raquo;<\/a><\/p>\n","protected":false},"author":1,"featured_media":0,"parent":0,"menu_order":0,"comment_status":"closed","ping_status":"closed","template":"","meta":{"om_disable_all_campaigns":false,"_monsterinsights_skip_tracking":false,"_monsterinsights_sitenote_active":false,"_monsterinsights_sitenote_note":"","_monsterinsights_sitenote_category":0,"_uf_show_specific_survey":0,"_uf_disable_surveys":false,"footnotes":""},"class_list":["post-1030","page","type-page","status-publish","hentry"],"aioseo_notices":[],"_links":{"self":[{"href":"https:\/\/maldach.pl\/index.php?rest_route=\/wp\/v2\/pages\/1030","targetHints":{"allow":["GET"]}}],"collection":[{"href":"https:\/\/maldach.pl\/index.php?rest_route=\/wp\/v2\/pages"}],"about":[{"href":"https:\/\/maldach.pl\/index.php?rest_route=\/wp\/v2\/types\/page"}],"author":[{"embeddable":true,"href":"https:\/\/maldach.pl\/index.php?rest_route=\/wp\/v2\/users\/1"}],"replies":[{"embeddable":true,"href":"https:\/\/maldach.pl\/index.php?rest_route=%2Fwp%2Fv2%2Fcomments&post=1030"}],"version-history":[{"count":37,"href":"https:\/\/maldach.pl\/index.php?rest_route=\/wp\/v2\/pages\/1030\/revisions"}],"predecessor-version":[{"id":1799,"href":"https:\/\/maldach.pl\/index.php?rest_route=\/wp\/v2\/pages\/1030\/revisions\/1799"}],"wp:attachment":[{"href":"https:\/\/maldach.pl\/index.php?rest_route=%2Fwp%2Fv2%2Fmedia&parent=1030"}],"curies":[{"name":"wp","href":"https:\/\/api.w.org\/{rel}","templated":true}]}}