{"id":1043,"date":"2021-05-08T16:32:49","date_gmt":"2021-05-08T14:32:49","guid":{"rendered":"http:\/\/127.0.0.1\/wordpress\/?page_id=1043"},"modified":"2021-06-02T20:22:52","modified_gmt":"2021-06-02T18:22:52","slug":"zabezpieczenia-przeciw-ptakom","status":"publish","type":"page","link":"https:\/\/maldach.pl\/?page_id=1043","title":{"rendered":"Zabezpieczenia przeciw ptakom"},"content":{"rendered":"\t\t<div data-elementor-type=\"wp-page\" data-elementor-id=\"1043\" class=\"elementor elementor-1043\" data-elementor-post-type=\"page\">\n\t\t\t\t\t\t<section class=\"elementor-section elementor-top-section elementor-element elementor-element-c0d7c90 elementor-section-full_width elementor-section-height-default elementor-section-height-default\" data-id=\"c0d7c90\" data-element_type=\"section\" data-settings=\"{&quot;background_background&quot;:&quot;classic&quot;}\">\n\t\t\t\t\t\t<div class=\"elementor-container elementor-column-gap-default\">\n\t\t\t\t\t<div class=\"elementor-column elementor-col-100 elementor-top-column elementor-element elementor-element-129f87f\" data-id=\"129f87f\" data-element_type=\"column\" data-settings=\"{&quot;background_background&quot;:&quot;slideshow&quot;,&quot;background_slideshow_gallery&quot;:[{&quot;id&quot;:1046,&quot;url&quot;:&quot;https:\\\/\\\/maldach.pl\\\/wp-content\\\/uploads\\\/2021\\\/05\\\/DSCF2071-kopia.jpg&quot;}],&quot;background_slideshow_loop&quot;:&quot;yes&quot;,&quot;background_slideshow_slide_duration&quot;:5000,&quot;background_slideshow_slide_transition&quot;:&quot;fade&quot;,&quot;background_slideshow_transition_duration&quot;:500}\">\n\t\t\t<div class=\"elementor-widget-wrap elementor-element-populated\">\n\t\t\t\t\t\t\t<\/div>\n\t\t<\/div>\n\t\t\t\t\t<\/div>\n\t\t<\/section>\n\t\t\t\t<section class=\"elementor-section elementor-top-section elementor-element elementor-element-75090a5 elementor-section-full_width elementor-section-height-default elementor-section-height-default\" data-id=\"75090a5\" data-element_type=\"section\">\n\t\t\t\t\t\t<div class=\"elementor-container elementor-column-gap-default\">\n\t\t\t\t\t<div class=\"elementor-column elementor-col-33 elementor-top-column elementor-element elementor-element-10d0dbf\" data-id=\"10d0dbf\" data-element_type=\"column\">\n\t\t\t<div class=\"elementor-widget-wrap\">\n\t\t\t\t\t\t\t<\/div>\n\t\t<\/div>\n\t\t\t\t<div class=\"elementor-column elementor-col-33 elementor-top-column elementor-element elementor-element-9acfe07\" data-id=\"9acfe07\" data-element_type=\"column\">\n\t\t\t<div class=\"elementor-widget-wrap elementor-element-populated\">\n\t\t\t\t\t\t<div class=\"elementor-element elementor-element-e3fcca1 elementor-widget elementor-widget-text-editor\" data-id=\"e3fcca1\" data-element_type=\"widget\" data-widget_type=\"text-editor.default\">\n\t\t\t\t<div class=\"elementor-widget-container\">\n\t\t\t\t\t\t\t\t\t<p align=\"justify\">Ochrona budynk\u00f3w przed ptakami, w warunkach miejskich polega na zniech\u0119ceniu ich do przesiadywania i tworzenia gniazd w miejscach, w kt\u00f3rych s\u0105 niepo\u017c\u0105dane. Cel mo\u017cna osi\u0105gn\u0105c poprzez monta\u017c barier (<strong>kolce przeciw ptakom, siatki o r\u00f3\u017cnej wielko\u015bci oczek, ruchome pr\u0119ty przeznaczone do zabezpieczania barierek balkonowych<\/strong>), kt\u00f3re nie rani\u0105 ptak\u00f3w, aczkolwiek wymuszaj\u0105 na nich zmian\u0119 dotychczasowych przyzwyczaje\u0144. W\u00a0konsekwencji ptaki nie przesiaduj\u0105 ju\u017c na zabezpieczonych budynkach.<\/p><p align=\"justify\">W ramach naszej dzia\u0142alno\u015bci zajmujemy si\u0119 doborem odpowiednich zabezpiecze\u0144 i\u00a0profesjonalnym ich monta\u017cem. Monta\u017c zabezpiecze\u0144 wykonujemy na wszystkich typach budynk\u00f3w z wykorzystaniem technik alpinistycznych, podno\u015bnika koszowego lub drabin.<\/p><p align=\"justify\">\u00a0<\/p><p align=\"justify\">Warto zaznaczy\u0107, \u017ce stosowane przez nasz\u0105 firm\u0119 metody i techniki sprawiaj\u0105, \u017ce odstraszanie ptak\u00f3w odbywa si\u0119 w\u00a0spos\u00f3b ekologiczny i\u00a0delikatny. Nasze zabezpieczenia s\u0105 bardzo proste do zastosowania, a jednocze\u015bnie przynosz\u0105 po\u017c\u0105dane efekty.<\/p>\t\t\t\t\t\t\t\t<\/div>\n\t\t\t\t<\/div>\n\t\t\t\t\t<\/div>\n\t\t<\/div>\n\t\t\t\t<div class=\"elementor-column elementor-col-33 elementor-top-column elementor-element elementor-element-cc0db98\" data-id=\"cc0db98\" data-element_type=\"column\">\n\t\t\t<div class=\"elementor-widget-wrap\">\n\t\t\t\t\t\t\t<\/div>\n\t\t<\/div>\n\t\t\t\t\t<\/div>\n\t\t<\/section>\n\t\t\t\t<\/div>\n\t\t","protected":false},"excerpt":{"rendered":"<p>Ochrona budynk\u00f3w przed ptakami, w warunkach miejskich polega na zniech\u0119ceniu ich do przesiadywania i tworzenia gniazd w miejscach, w kt\u00f3rych s\u0105 niepo\u017c\u0105dane. Cel mo\u017cna osi\u0105gn\u0105c poprzez monta\u017c barier (kolce przeciw ptakom, siatki o r\u00f3\u017cnej wielko\u015bci oczek, ruchome pr\u0119ty przeznaczone do zabezpieczania barierek balkonowych), kt\u00f3re nie rani\u0105 ptak\u00f3w, aczkolwiek wymuszaj\u0105 na nich zmian\u0119 dotychczasowych przyzwyczaje\u0144. W\u00a0konsekwencji &hellip;<\/p>\n<p class=\"read-more\"> <a class=\"\" href=\"https:\/\/maldach.pl\/?page_id=1043\"> <span class=\"screen-reader-text\">Zabezpieczenia przeciw ptakom<\/span> Read More &raquo;<\/a><\/p>\n","protected":false},"author":1,"featured_media":0,"parent":0,"menu_order":0,"comment_status":"closed","ping_status":"closed","template":"","meta":{"om_disable_all_campaigns":false,"_monsterinsights_skip_tracking":false,"_monsterinsights_sitenote_active":false,"_monsterinsights_sitenote_note":"","_monsterinsights_sitenote_category":0,"_uf_show_specific_survey":0,"_uf_disable_surveys":false,"footnotes":""},"class_list":["post-1043","page","type-page","status-publish","hentry"],"aioseo_notices":[],"_links":{"self":[{"href":"https:\/\/maldach.pl\/index.php?rest_route=\/wp\/v2\/pages\/1043","targetHints":{"allow":["GET"]}}],"collection":[{"href":"https:\/\/maldach.pl\/index.php?rest_route=\/wp\/v2\/pages"}],"about":[{"href":"https:\/\/maldach.pl\/index.php?rest_route=\/wp\/v2\/types\/page"}],"author":[{"embeddable":true,"href":"https:\/\/maldach.pl\/index.php?rest_route=\/wp\/v2\/users\/1"}],"replies":[{"embeddable":true,"href":"https:\/\/maldach.pl\/index.php?rest_route=%2Fwp%2Fv2%2Fcomments&post=1043"}],"version-history":[{"count":13,"href":"https:\/\/maldach.pl\/index.php?rest_route=\/wp\/v2\/pages\/1043\/revisions"}],"predecessor-version":[{"id":1811,"href":"https:\/\/maldach.pl\/index.php?rest_route=\/wp\/v2\/pages\/1043\/revisions\/1811"}],"wp:attachment":[{"href":"https:\/\/maldach.pl\/index.php?rest_route=%2Fwp%2Fv2%2Fmedia&parent=1043"}],"curies":[{"name":"wp","href":"https:\/\/api.w.org\/{rel}","templated":true}]}}