{"id":1053,"date":"2021-05-08T16:37:46","date_gmt":"2021-05-08T14:37:46","guid":{"rendered":"http:\/\/127.0.0.1\/wordpress\/?page_id=1053"},"modified":"2021-06-02T20:07:57","modified_gmt":"2021-06-02T18:07:57","slug":"odsniezanie-dachow","status":"publish","type":"page","link":"https:\/\/maldach.pl\/?page_id=1053","title":{"rendered":"Od\u015bnie\u017canie dach\u00f3w"},"content":{"rendered":"\t\t<div data-elementor-type=\"wp-page\" data-elementor-id=\"1053\" class=\"elementor elementor-1053\" data-elementor-post-type=\"page\">\n\t\t\t\t\t\t<section class=\"elementor-section elementor-top-section elementor-element elementor-element-c0d7c90 elementor-section-full_width elementor-section-height-default elementor-section-height-default\" data-id=\"c0d7c90\" data-element_type=\"section\" data-settings=\"{&quot;background_background&quot;:&quot;classic&quot;}\">\n\t\t\t\t\t\t<div class=\"elementor-container elementor-column-gap-default\">\n\t\t\t\t\t<div class=\"elementor-column elementor-col-100 elementor-top-column elementor-element elementor-element-129f87f\" data-id=\"129f87f\" data-element_type=\"column\" data-settings=\"{&quot;background_background&quot;:&quot;slideshow&quot;,&quot;background_slideshow_gallery&quot;:[{&quot;id&quot;:1057,&quot;url&quot;:&quot;https:\\\/\\\/maldach.pl\\\/wp-content\\\/uploads\\\/2021\\\/05\\\/Zdjecie082a-kopia.jpg&quot;}],&quot;background_slideshow_loop&quot;:&quot;yes&quot;,&quot;background_slideshow_slide_duration&quot;:5000,&quot;background_slideshow_slide_transition&quot;:&quot;fade&quot;,&quot;background_slideshow_transition_duration&quot;:500}\">\n\t\t\t<div class=\"elementor-widget-wrap elementor-element-populated\">\n\t\t\t\t\t\t\t<\/div>\n\t\t<\/div>\n\t\t\t\t\t<\/div>\n\t\t<\/section>\n\t\t\t\t<section class=\"elementor-section elementor-top-section elementor-element elementor-element-75090a5 elementor-section-full_width elementor-section-height-default elementor-section-height-default\" data-id=\"75090a5\" data-element_type=\"section\">\n\t\t\t\t\t\t<div class=\"elementor-container elementor-column-gap-narrow\">\n\t\t\t\t\t<div class=\"elementor-column elementor-col-33 elementor-top-column elementor-element elementor-element-10d0dbf\" data-id=\"10d0dbf\" data-element_type=\"column\">\n\t\t\t<div class=\"elementor-widget-wrap\">\n\t\t\t\t\t\t\t<\/div>\n\t\t<\/div>\n\t\t\t\t<div class=\"elementor-column elementor-col-33 elementor-top-column elementor-element elementor-element-9acfe07\" data-id=\"9acfe07\" data-element_type=\"column\">\n\t\t\t<div class=\"elementor-widget-wrap elementor-element-populated\">\n\t\t\t\t\t\t<div class=\"elementor-element elementor-element-e3fcca1 elementor-widget elementor-widget-text-editor\" data-id=\"e3fcca1\" data-element_type=\"widget\" data-widget_type=\"text-editor.default\">\n\t\t\t\t<div class=\"elementor-widget-container\">\n\t\t\t\t\t\t\t\t\t<div class=\"col-md-9\"><p align=\"justify\">Zima to pora roku, kt\u00f3ra lubi uderza\u0107 niespodziewanie, niejednokrotnie zasypuj\u0105c nas ogromnymi ilo\u015bciami bia\u0142ego puchu. To co dla dzieci, czy dla narciarzy jest powodem do uciechy, dla w\u0142a\u015bcicieli lub administrator\u00f3w budynk\u00f3w staje si\u0119 uci\u0105\u017cliwym problemem, szczeg\u00f3lnie gdy nawarstwiaj\u0105cy si\u0119 \u015bnieg zalega na dachach, staj\u0105c si\u0119 \u015bmiertelnym zagro\u017ceniem.<\/p><p align=\"justify\">Oferujemy Pa\u0144stwu profesjonalne, szybkie i<strong>\u00a0<\/strong>sprawne\u00a0<strong>usuwanie z\u0142og\u00f3w \u015bniegu z dachu\u00a0<\/strong>z\u00a0zachowaniem wszelkich zasad bezpiecze\u0144stwa\u00a0<strong>a tak\u017ce:<\/strong><\/p><ul><li>usuwanie nawis\u00f3w \u015bnie\u017cnych \/ \u015bnie\u017cno-lodowych,<\/li><li>zbijanie sopli,<\/li><li>sta\u0142y pomiar grubo\u015bci pokrywy \u015bnie\u017cnej na dachu dzi\u0119ki, kt\u00f3rej mo\u017cliwa b\u0119dzie nieustanna kontrola nad obci\u0105\u017ceniem zalegaj\u0105cego \u015bniegu,<\/li><li>monta\u017c \u015bniego\u0142ap\u00f3w<\/li><\/ul><p><strong>Od\u015bnie\u017camy dachy p\u0142askie i ze spadem:<\/strong><\/p><ul><li>budynk\u00f3w mieszkalnych,<\/li><li>szk\u00f3\u0142,<\/li><li>market\u00f3w, sklep\u00f3w,<\/li><li>hal,<\/li><li>magazyn\u00f3w i biur o du\u017cych powierzchniach itp.<\/li><\/ul><p align=\"justify\">Dok\u0142adamy wszelkich stara\u0144, aby jako\u015b\u0107 naszych us\u0142ug sta\u0142a na jak\u00a0<strong><em>najwy\u017cszym poziomie i\u00a0odpowiada\u0142a Pa\u0144stwa oczekiwaniom<\/em>.<\/strong><\/p><p align=\"justify\"><strong>\u00a0 \u00a0 \u00a0Obowi\u0105zek od\u015bnie\u017cania dachu\u00a0<\/strong>zgodnie z polskim prawem spoczywa na w\u0142a\u015bcicielach i\u00a0zarz\u0105dcach budynk\u00f3w. Nie zaleca si\u0119 jednak wykonywa\u0107 \u017cadnych prac wysoko\u015bciowych we w\u0142asnym zakresie. Bez do\u015bwiadczenia i odpowiedniego sprz\u0119tu jest to zbyt niebezpieczne zaj\u0119cie. Ponadto usuwanie \u015bniegu i lodu z dachu przez osoby niedo\u015bwiadczone mo\u017ce spowodowa\u0107 zniszczenie pokrycia dachu, co wi\u0105\u017ce si\u0119 z wysokimi kosztami naprawy.<\/p><p align=\"justify\"><strong>\u00a0 \u00a0 \u00a0Pozostawianie \u015bniegu na dachu<\/strong>\u00a0z za\u0142o\u017ceniem, \u017ce sam stopnieje jest r\u00f3wnie\u017c nierozs\u0105dne. Im d\u0142u\u017cej mokra pokrywa zalega na dachu tym bardziej ro\u015bnie\u00a0<a title=\"Ci\u0119\u017car obj\u0119to\u015bciowy \u015bniegu\" href=\"https:\/\/maldach.pl\/Ciezar_sniegu.html\">ci\u0119\u017car obj\u0119to\u015bciowy \u015bniegu<\/a>, a to grozi przeci\u0105\u017ceniem konstrukcji dachu lub niekontrolowan\u0105 lawin\u0105 \u015bniegu i lodu. Tych niebezpiecze\u0144stw nie wolno lekcewa\u017cy\u0107!<\/p><p align=\"justify\">\u00a0<\/p><\/div>\t\t\t\t\t\t\t\t<\/div>\n\t\t\t\t<\/div>\n\t\t\t\t\t<\/div>\n\t\t<\/div>\n\t\t\t\t<div class=\"elementor-column elementor-col-33 elementor-top-column elementor-element elementor-element-1ab47a8\" data-id=\"1ab47a8\" data-element_type=\"column\">\n\t\t\t<div class=\"elementor-widget-wrap\">\n\t\t\t\t\t\t\t<\/div>\n\t\t<\/div>\n\t\t\t\t\t<\/div>\n\t\t<\/section>\n\t\t\t\t<\/div>\n\t\t","protected":false},"excerpt":{"rendered":"<p>Zima to pora roku, kt\u00f3ra lubi uderza\u0107 niespodziewanie, niejednokrotnie zasypuj\u0105c nas ogromnymi ilo\u015bciami bia\u0142ego puchu. To co dla dzieci, czy dla narciarzy jest powodem do uciechy, dla w\u0142a\u015bcicieli lub administrator\u00f3w budynk\u00f3w staje si\u0119 uci\u0105\u017cliwym problemem, szczeg\u00f3lnie gdy nawarstwiaj\u0105cy si\u0119 \u015bnieg zalega na dachach, staj\u0105c si\u0119 \u015bmiertelnym zagro\u017ceniem. Oferujemy Pa\u0144stwu profesjonalne, szybkie i\u00a0sprawne\u00a0usuwanie z\u0142og\u00f3w \u015bniegu z &hellip;<\/p>\n<p class=\"read-more\"> <a class=\"\" href=\"https:\/\/maldach.pl\/?page_id=1053\"> <span class=\"screen-reader-text\">Od\u015bnie\u017canie dach\u00f3w<\/span> Read More &raquo;<\/a><\/p>\n","protected":false},"author":1,"featured_media":0,"parent":0,"menu_order":0,"comment_status":"closed","ping_status":"closed","template":"","meta":{"om_disable_all_campaigns":false,"_monsterinsights_skip_tracking":false,"_monsterinsights_sitenote_active":false,"_monsterinsights_sitenote_note":"","_monsterinsights_sitenote_category":0,"_uf_show_specific_survey":0,"_uf_disable_surveys":false,"footnotes":""},"class_list":["post-1053","page","type-page","status-publish","hentry"],"aioseo_notices":[],"_links":{"self":[{"href":"https:\/\/maldach.pl\/index.php?rest_route=\/wp\/v2\/pages\/1053","targetHints":{"allow":["GET"]}}],"collection":[{"href":"https:\/\/maldach.pl\/index.php?rest_route=\/wp\/v2\/pages"}],"about":[{"href":"https:\/\/maldach.pl\/index.php?rest_route=\/wp\/v2\/types\/page"}],"author":[{"embeddable":true,"href":"https:\/\/maldach.pl\/index.php?rest_route=\/wp\/v2\/users\/1"}],"replies":[{"embeddable":true,"href":"https:\/\/maldach.pl\/index.php?rest_route=%2Fwp%2Fv2%2Fcomments&post=1053"}],"version-history":[{"count":13,"href":"https:\/\/maldach.pl\/index.php?rest_route=\/wp\/v2\/pages\/1053\/revisions"}],"predecessor-version":[{"id":1802,"href":"https:\/\/maldach.pl\/index.php?rest_route=\/wp\/v2\/pages\/1053\/revisions\/1802"}],"wp:attachment":[{"href":"https:\/\/maldach.pl\/index.php?rest_route=%2Fwp%2Fv2%2Fmedia&parent=1053"}],"curies":[{"name":"wp","href":"https:\/\/api.w.org\/{rel}","templated":true}]}}